{"id":82,"date":"2020-09-26T20:41:31","date_gmt":"2020-09-27T00:41:31","guid":{"rendered":"http:\/\/ingenieriasp.cl\/?page_id=82"},"modified":"2025-11-02T18:51:56","modified_gmt":"2025-11-02T22:51:56","slug":"asistencia-remota","status":"publish","type":"page","link":"https:\/\/ingenieriasp.cl\/","title":{"rendered":"Asistencia Remota"},"content":{"rendered":"\n<figure class=\"wp-block-image aligncenter is-style-rounded\"><a href=\"https:\/\/anydesk.com\/es\/downloads\/thank-you?dv=win_exe\"><img decoding=\"async\" src=\"https:\/\/i.ibb.co\/3p5WXzw\/SOS2.jpg\" alt=\"SOS\"\/><\/a><\/figure>\n\n\n\n<p>Haga clic en este bot\u00f3n para iniciar la <strong>Asistencia Remota<\/strong>. Podremos conectarnos a su equipo de forma segura, sin importar su ubicaci\u00f3n. Solo necesitamos su <strong>autorizaci\u00f3n expresa<\/strong> para acceder y resolver su incidencia de manera inmediata.&#8221;<\/p>\n\n\n\n<div class=\"wp-block-joinchat-button joinchat-button--qr-both has-border-color\" style=\"border-color:#25d366;border-style:solid;border-width:6px;border-radius:30px\"><figure><figcaption>Scan the code<\/figcaption><a class=\"joinchat-button__qr has-border-color\" style=\"border-color:#25d366;border-style:solid;border-width:6px;border-radius:30px\" href=\"#whatsapp\" data-phone=\"56932582683\"><\/a><\/figure><a class=\"wp-block-button__link joinchat-button__link has-ffffff-color has-text-color has-background has-border-color\" style=\"border-color:#25d366;border-style:solid;border-width:6px;border-radius:30px;background-color:#25d366\" href=\"#whatsapp\" data-phone=\"56932582683\"><span><strong>Open Chat<\/strong><\/span><\/a><\/div>\n","protected":false},"excerpt":{"rendered":"<p>Haga clic en este bot\u00f3n para iniciar la Asistencia Remota. Podremos conectarnos a su equipo de forma segura, sin importar su ubicaci\u00f3n. Solo necesitamos su autorizaci\u00f3n expresa para acceder y resolver su incidencia de manera inmediata.&#8221;<\/p>\n","protected":false},"author":1,"featured_media":0,"parent":0,"menu_order":2,"comment_status":"closed","ping_status":"closed","template":"","meta":{"site-container-style":"default","site-container-layout":"default","site-sidebar-layout":"default","disable-article-header":"default","disable-site-header":"default","disable-site-footer":"default","disable-content-area-spacing":"default","_joinchat":{"telephone":"+56959979191"},"footnotes":""},"class_list":["post-82","page","type-page","status-publish","hentry"],"_links":{"self":[{"href":"https:\/\/ingenieriasp.cl\/index.php\/wp-json\/wp\/v2\/pages\/82","targetHints":{"allow":["GET"]}}],"collection":[{"href":"https:\/\/ingenieriasp.cl\/index.php\/wp-json\/wp\/v2\/pages"}],"about":[{"href":"https:\/\/ingenieriasp.cl\/index.php\/wp-json\/wp\/v2\/types\/page"}],"author":[{"embeddable":true,"href":"https:\/\/ingenieriasp.cl\/index.php\/wp-json\/wp\/v2\/users\/1"}],"replies":[{"embeddable":true,"href":"https:\/\/ingenieriasp.cl\/index.php\/wp-json\/wp\/v2\/comments?post=82"}],"version-history":[{"count":19,"href":"https:\/\/ingenieriasp.cl\/index.php\/wp-json\/wp\/v2\/pages\/82\/revisions"}],"predecessor-version":[{"id":428,"href":"https:\/\/ingenieriasp.cl\/index.php\/wp-json\/wp\/v2\/pages\/82\/revisions\/428"}],"wp:attachment":[{"href":"https:\/\/ingenieriasp.cl\/index.php\/wp-json\/wp\/v2\/media?parent=82"}],"curies":[{"name":"wp","href":"https:\/\/api.w.org\/{rel}","templated":true}]}}