{"id":78,"date":"2020-09-26T20:41:09","date_gmt":"2020-09-27T00:41:09","guid":{"rendered":"http:\/\/ingenieriasp.cl\/?page_id=78"},"modified":"2025-04-14T20:48:09","modified_gmt":"2025-04-15T00:48:09","slug":"servicios","status":"publish","type":"page","link":"https:\/\/ingenieriasp.cl\/index.php\/servicios\/","title":{"rendered":"Servicios inform\u00e1ticos Ingenieriasp"},"content":{"rendered":"\n<ul class=\"wp-block-list\">\n<li>Servicios Outsourcing, Micro Inform\u00e1tica y Redes.<\/li>\n\n\n\n<li>Administraci\u00f3n Azure.<\/li>\n\n\n\n<li>Migraci\u00f3n DNS.<\/li>\n\n\n\n<li>Administraci\u00f3n centro Office 365.<\/li>\n\n\n\n<li>Administraci\u00f3n Go-Dady.<\/li>\n\n\n\n<li>VmWare INC.<\/li>\n\n\n\n<li>SSL Certificate.<\/li>\n<\/ul>\n\n\n\n<ul class=\"wp-block-list\">\n<li>Proyect Manager y Soporte Onsite.<\/li>\n\n\n\n<li>Desarrollo Web.<\/li>\n\n\n\n<li>Workspace Google Administraci\u00f3n.<\/li>\n\n\n\n<li>Hosting Creaci\u00f3n, Migraci\u00f3n, update, upgrade.<\/li>\n\n\n\n<li>Mantenci\u00f3n, continuidad operacional e infraestructura tecnol\u00f3gica.<\/li>\n\n\n\n<li>Soporte Microinform\u00e1tica.<\/li>\n\n\n\n<li>Upgrade Microinform\u00e1tica hdd Mec\u00e1nico a SSD.<\/li>\n\n\n\n<li>Soporte Remoto y Presencial Micro Inform\u00e1tica. .<\/li>\n\n\n\n<li>FIX errores de aplicaciones b\u00e1sicas Micro Inform\u00e1tica.<\/li>\n\n\n\n<li>Mantenci\u00f3n Preventiva.<\/li>\n\n\n\n<li>Mantenci\u00f3n F\u00edsica Micro Inform\u00e1tica.<\/li>\n\n\n\n<li>Mantenci\u00f3n Preventiva Micro Inform\u00e1tica.<\/li>\n\n\n\n<li>Mantenci\u00f3n preventiva salas de c\u00f3mputo y rack de comunicaciones <\/li>\n\n\n\n<li>Instalaci\u00f3n de software Free Micro Inform\u00e1tica  .<\/li>\n\n\n\n<li>Identificaci\u00f3n y etiquetado puntos de red patch panel .<\/li>\n\n\n\n<li>Instalaci\u00f3n puntos de red inform\u00e1ticos.<\/li>\n\n\n\n<li>Venta de Productos del d\u00eda o Semana Reacondicionados.<\/li>\n\n\n\n<li>Asesor\u00eda inform\u00e1tica Problemas de alta complejidad .<\/li>\n<\/ul>\n\n\n\n<div class=\"wp-block-joinchat-button joinchat-button--qr-both has-border-color\" style=\"border-color:#25d366;border-style:solid;border-width:6px;border-radius:30px\"><figure><figcaption>Scan the code<\/figcaption><a class=\"joinchat-button__qr has-border-color\" style=\"border-color:#25d366;border-style:solid;border-width:6px;border-radius:30px\" href=\"#whatsapp\" data-phone=\"56959979191\"><\/a><\/figure><a class=\"wp-block-button__link joinchat-button__link has-ffffff-color has-text-color has-background has-border-color\" style=\"border-color:#25d366;border-style:solid;border-width:6px;border-radius:30px;background-color:#25d366\" href=\"#whatsapp\" data-phone=\"56959979191\"><span><strong>Open Chat<\/strong><\/span><\/a><\/div>\n","protected":false},"excerpt":{"rendered":"","protected":false},"author":1,"featured_media":0,"parent":0,"menu_order":3,"comment_status":"closed","ping_status":"closed","template":"","meta":{"site-container-style":"default","site-container-layout":"default","site-sidebar-layout":"default","disable-article-header":"default","disable-site-header":"default","disable-site-footer":"default","disable-content-area-spacing":"default","_joinchat":[],"footnotes":""},"class_list":["post-78","page","type-page","status-publish","hentry"],"_links":{"self":[{"href":"https:\/\/ingenieriasp.cl\/index.php\/wp-json\/wp\/v2\/pages\/78","targetHints":{"allow":["GET"]}}],"collection":[{"href":"https:\/\/ingenieriasp.cl\/index.php\/wp-json\/wp\/v2\/pages"}],"about":[{"href":"https:\/\/ingenieriasp.cl\/index.php\/wp-json\/wp\/v2\/types\/page"}],"author":[{"embeddable":true,"href":"https:\/\/ingenieriasp.cl\/index.php\/wp-json\/wp\/v2\/users\/1"}],"replies":[{"embeddable":true,"href":"https:\/\/ingenieriasp.cl\/index.php\/wp-json\/wp\/v2\/comments?post=78"}],"version-history":[{"count":15,"href":"https:\/\/ingenieriasp.cl\/index.php\/wp-json\/wp\/v2\/pages\/78\/revisions"}],"predecessor-version":[{"id":420,"href":"https:\/\/ingenieriasp.cl\/index.php\/wp-json\/wp\/v2\/pages\/78\/revisions\/420"}],"wp:attachment":[{"href":"https:\/\/ingenieriasp.cl\/index.php\/wp-json\/wp\/v2\/media?parent=78"}],"curies":[{"name":"wp","href":"https:\/\/api.w.org\/{rel}","templated":true}]}}